{"id":573,"date":"2024-08-02T07:25:33","date_gmt":"2024-08-02T07:25:33","guid":{"rendered":"https:\/\/festival.routerb.ro\/?page_id=573"},"modified":"2025-08-15T12:36:18","modified_gmt":"2025-08-15T12:36:18","slug":"573-2","status":"publish","type":"page","link":"https:\/\/festivalultrufelor.ro\/index.php\/573-2\/","title":{"rendered":"Achizitionare Bilete"},"content":{"rendered":"<p>[et_pb_section fb_built=&#8221;1&#8243; admin_label=&#8221;Header&#8221; _builder_version=&#8221;4.25.1&#8243; background_color=&#8221;#002d4c&#8221; use_background_color_gradient=&#8221;on&#8221; background_color_gradient_stops=&#8221;rgba(0,17,38,0.9) 0%|rgba(0,17,38,0.9) 100%&#8221; background_color_gradient_overlays_image=&#8221;on&#8221; background_color_gradient_start=&#8221;rgba(0,17,38,0.9)&#8221; background_color_gradient_end=&#8221;rgba(0,17,38,0.9)&#8221; background_image=&#8221;https:\/\/festivalultrufelor.ro\/wp-content\/uploads\/2024\/05\/Maison-de-la-Truffe-Paris.jpg&#8221; custom_padding=&#8221;2vw||7vw||false|false&#8221; locked=&#8221;off&#8221; global_colors_info=&#8221;{}&#8221;][et_pb_row custom_padding_last_edited=&#8221;on|phone&#8221; _builder_version=&#8221;4.25.1&#8243; width=&#8221;68%&#8221; width_tablet=&#8221;68%&#8221; width_phone=&#8221;90%&#8221; width_last_edited=&#8221;on|desktop&#8221; max_width=&#8221;1543px&#8221; max_width_tablet=&#8221;1543px&#8221; max_width_phone=&#8221;1543px&#8221; max_width_last_edited=&#8221;on|desktop&#8221; custom_margin=&#8221;50px||||false|false&#8221; custom_margin_tablet=&#8221;50px||||false|false&#8221; custom_margin_phone=&#8221;4px|auto|9px|auto|false|false&#8221; custom_margin_last_edited=&#8221;on|desktop&#8221; custom_padding=&#8221;||77px|||&#8221; custom_padding_tablet=&#8221;||77px|||&#8221; custom_padding_phone=&#8221;||13px||false|false&#8221; global_colors_info=&#8221;{}&#8221;][et_pb_column type=&#8221;4_4&#8243; _builder_version=&#8221;4.25.1&#8243; global_colors_info=&#8221;{}&#8221;][et_pb_text _builder_version=&#8221;4.25.1&#8243; text_font=&#8221;Cabin||||||||&#8221; text_text_color=&#8221;rgba(85,101,112,0.8)&#8221; text_font_size=&#8221;16px&#8221; text_line_height=&#8221;1.8em&#8221; header_font=&#8221;Playfair Display|700|||||||&#8221; header_font_size=&#8221;4vw&#8221; header_3_font=&#8221;Cabin|700||on|||||&#8221; header_3_text_color=&#8221;#bd8f52&#8243; header_3_font_size=&#8221;13px&#8221; header_3_letter_spacing=&#8221;3px&#8221; header_3_line_height=&#8221;1.4em&#8221; background_layout=&#8221;dark&#8221; width_tablet=&#8221;&#8221; width_phone=&#8221;&#8221; width_last_edited=&#8221;on|phone&#8221; max_width_tablet=&#8221;90%&#8221; max_width_phone=&#8221;100%&#8221; max_width_last_edited=&#8221;on|phone&#8221; min_height_tablet=&#8221;&#8221; min_height_phone=&#8221;&#8221; min_height_last_edited=&#8221;on|phone&#8221; custom_margin=&#8221;||2vw||false|false&#8221; header_font_size_tablet=&#8221;5vw&#8221; header_font_size_phone=&#8221;6vw&#8221; header_font_size_last_edited=&#8221;on|desktop&#8221; header_letter_spacing_tablet=&#8221;&#8221; header_letter_spacing_phone=&#8221;&#8221; header_letter_spacing_last_edited=&#8221;on|phone&#8221; header_3_font_size_tablet=&#8221;13px&#8221; header_3_font_size_phone=&#8221;10px&#8221; header_3_font_size_last_edited=&#8221;on|phone&#8221; header_3_letter_spacing_tablet=&#8221;3px&#8221; header_3_letter_spacing_phone=&#8221;3px&#8221; header_3_letter_spacing_last_edited=&#8221;on|phone&#8221; header_3_line_height_tablet=&#8221;1.4em&#8221; header_3_line_height_phone=&#8221;1.4em&#8221; header_3_line_height_last_edited=&#8221;on|phone&#8221; locked=&#8221;off&#8221; global_colors_info=&#8221;{}&#8221;]<\/p>\n<h3 style=\"text-align: center;\">\u00a0Festivalul Trufelor &#8211; Edi\u021bia 2024<\/h3>\n<h1 style=\"text-align: center;\">Regulament de achizitionare a biletelor \u00een cadrul Festivalului Trufelor 5 &#8211; edi\u021bia special\u0103\u00a0<\/h1>\n<p>[\/et_pb_text][\/et_pb_column][\/et_pb_row][et_pb_row _builder_version=&#8221;4.25.1&#8243; _module_preset=&#8221;default&#8221; global_colors_info=&#8221;{}&#8221;][et_pb_column type=&#8221;4_4&#8243; _builder_version=&#8221;4.25.1&#8243; _module_preset=&#8221;default&#8221; global_colors_info=&#8221;{}&#8221;][et_pb_cta title=&#8221;Experien\u021b\u0103 Unic\u0103 la Festivalul Trufelor&#8221; button_url=&#8221;https:\/\/www.livetickets.ro\/bilete\/festivalul-trufelor-editia-a-5-a&#8221; button_text=&#8221;Cumpara&#8221; _builder_version=&#8221;4.25.1&#8243; _module_preset=&#8221;default&#8221; background_color=&#8221;#002a4c&#8221; global_colors_info=&#8221;{}&#8221;]<\/p>\n<p><span>Nu rata ocazia de a te bucura de cele mai delicioase trufe si preparate tradi\u021bionale. Al\u0103tur\u0103-te nou\u0103 pentru o aventura gastronomic\u0103 de neuitat \u00een inima naturii. Biletele sunt limitate, asigur\u0103-\u021bi locul acum!<\/span><\/p>\n<p>[\/et_pb_cta][et_pb_cta title=&#8221;Experien\u021b\u0103 VIP la Festival Trufelor 2025&#8243; button_url=&#8221;https:\/\/www.livetickets.ro\/bilete\/invitatie-vip-festivalul-trufelor-editia-a-5-a&#8221; button_text=&#8221;Cumpara&#8221; _builder_version=&#8221;4.27.4&#8243; _module_preset=&#8221;default&#8221; background_color=&#8221;#002a4c&#8221; global_colors_info=&#8221;{}&#8221;]<\/p>\n<p><span>\u00ceNCEARC\u0102 EXPERIEN\u021aA VIP &#8211; BILETE VIP<\/span><\/p>\n<p><strong><span>Bilet V.I.P. &#8211; Vineri 1 August 2025\u00a0\u00a0 &#8211;\u00a0\u00a0 500 lei<\/span><\/strong><\/p>\n<p><strong><span>Bilet V.I.P. &#8211; S\u00e2mb\u0103t\u0103 2 August 2025\u00a0\u00a0 &#8211;\u00a0\u00a0 500 lei<\/span><\/strong><\/p>\n<p><strong><span>Bilet V.I.P. &#8211; Duminic\u0103 3 August 2025\u00a0\u00a0 &#8211;\u00a0\u00a0 500 lei<\/span><\/strong><\/p>\n<p>&nbsp;<\/p>\n<p><strong>Biletul V.I.P. Include:<br \/>* Accesul la Festivalul Trufelor \u00een cele 3 zile de festival cu acces la Zona V.I.P.\u00a0<\/strong><br \/><strong>* Meniu de degustare creat \u0219i preparat de c\u0103tre Chef Marco Favino, Chef Giovanni Santarpia \u0219i Chef Samuele Di Murro, buc\u0103tar cu o stea Michelin.<br \/>* B\u0103uturi Crama Cotnari, Heineken, Coca Cola, Cafea<br \/>* Parcarea gratuit\u0103 la Parcarea VIP (Parcarea 1)\u00a0<\/strong><br \/><strong>* Br\u0103\u021bar\u0103 cu posibilitate de \u00eenc\u0103rcare<\/strong><\/p>\n<p><img loading=\"lazy\" decoding=\"async\" src=\"http:\/\/festivalultrufelor.ro\/wp-content\/uploads\/2025\/07\/6-199x300.png\" width=\"199\" height=\"300\" alt=\"\" class=\"wp-image-787 alignnone size-medium\" \/>\u00a0 \u00a0 \u00a0 \u00a0 \u00a0 \u00a0 \u00a0 \u00a0 \u00a0 \u00a0<img loading=\"lazy\" decoding=\"async\" src=\"http:\/\/festivalultrufelor.ro\/wp-content\/uploads\/2025\/07\/5-199x300.png\" width=\"199\" height=\"300\" alt=\"\" class=\"wp-image-786 alignnone size-medium\" \/>\u00a0 \u00a0 \u00a0 \u00a0 \u00a0 \u00a0 \u00a0 \u00a0 \u00a0 \u00a0<img loading=\"lazy\" decoding=\"async\" src=\"http:\/\/festivalultrufelor.ro\/wp-content\/uploads\/2025\/07\/2-199x300.png\" width=\"199\" height=\"300\" alt=\"\" class=\"wp-image-782 alignnone size-medium\" \/>\u00a0<\/p>\n<p>[\/et_pb_cta][\/et_pb_column][\/et_pb_row][et_pb_row custom_padding_last_edited=&#8221;on|phone&#8221; _builder_version=&#8221;4.25.1&#8243; background_color=&#8221;#002d4c&#8221; background_enable_image=&#8221;off&#8221; z_index=&#8221;10&#8243; width_tablet=&#8221;&#8221; width_phone=&#8221;93%&#8221; width_last_edited=&#8221;on|phone&#8221; max_width_tablet=&#8221;&#8221; max_width_phone=&#8221;&#8221; max_width_last_edited=&#8221;on|phone&#8221; custom_padding=&#8221;50px|122px|50px|122px|true|true&#8221; custom_padding_tablet=&#8221;40px|30px|40px|30px|true|true&#8221; custom_padding_phone=&#8221;20px|23px|20px|23px|true|true&#8221; locked=&#8221;off&#8221; global_colors_info=&#8221;{}&#8221;][et_pb_column type=&#8221;4_4&#8243; _builder_version=&#8221;4.16&#8243; global_colors_info=&#8221;{}&#8221;][et_pb_text _builder_version=&#8221;4.25.1&#8243; text_font=&#8221;Cabin||||||||&#8221; text_text_color=&#8221;rgba(255,255,255,0.8)&#8221; text_font_size=&#8221;16px&#8221; text_line_height=&#8221;1.8em&#8221; header_text_align=&#8221;justify&#8221; header_2_font=&#8221;Playfair Display|700|||||||&#8221; header_2_text_color=&#8221;#ffffff&#8221; header_2_font_size=&#8221;36px&#8221; header_2_line_height=&#8221;1.1em&#8221; header_3_font=&#8221;Cabin|700||on|||||&#8221; header_3_text_align=&#8221;justify&#8221; header_3_text_color=&#8221;#bd8f52&#8243; header_3_font_size=&#8221;13px&#8221; header_3_letter_spacing=&#8221;3px&#8221; header_3_line_height=&#8221;1.4em&#8221; background_layout=&#8221;dark&#8221; max_width=&#8221;100%&#8221; max_width_tablet=&#8221;90%&#8221; max_width_last_edited=&#8221;off|phone&#8221; module_alignment=&#8221;center&#8221; custom_margin=&#8221;||1vw||false|false&#8221; text_font_size_tablet=&#8221;15px&#8221; text_font_size_phone=&#8221;14px&#8221; text_font_size_last_edited=&#8221;on|phone&#8221; header_2_font_size_tablet=&#8221;&#8221; header_2_font_size_phone=&#8221;32px&#8221; header_2_font_size_last_edited=&#8221;on|phone&#8221; locked=&#8221;off&#8221; global_colors_info=&#8221;{}&#8221;]<\/p>\n<p style=\"text-align: center;\">\u2665\ufe0e<span> \u00a0ABONAMENT PE 3 ZILE DE FESTIVAL:<\/span><\/p>\n<p style=\"text-align: center;\"><span style=\"text-decoration: line-through;\">\u2013 Early \u2013 39 lei \/ 3 zile\u00a0de festival<\/span><span><br \/>\u2013 <\/span>\u2060<span>Pre Sale <\/span>\u2013<span> 49 \/ 3 zile de festival<br \/>\u2013 <\/span>\u2060<span>Regular <\/span>\u2013<span> 59 \/ 3 zile de festival<\/span><span style=\"text-decoration: line-through;\"><\/span><\/p>\n<p style=\"text-align: center;\"><span>\u00a0<\/span>\u2605<span> BILET DE INTRARE: 25 lei pe zi.<\/span><\/p>\n<p style=\"text-align: center;\"><span><\/span><\/p>\n<p style=\"text-align: center;\"><span style=\"font-size: large;\"><strong>\ud83c\udfab BILET ACCES KIDS ZONE<\/strong><\/span> <br \/><span style=\"font-size: large;\">\u00a0<span style=\"font-size: small;\">\u25b7 1 br\u0103\u021bar\u0103 de acces pentru o zi = 35 lei<\/span><\/span><br \/><span style=\"font-size: x-small;\">\u00a0 \u00a0 \u00a0 <strong>OFERT\u0102: 2 br\u0103\u021b\u0103ri pentru fra\u021bi = 60 de lei (\u00eenso\u021bit de dovad\u0103: certificat de na\u0219tere, original sau foto)<\/strong><\/span><span><\/span><\/p>\n<p style=\"text-align: center;\"><span><\/span><\/p>\n<p style=\"text-align: center;\"><span><\/span><\/p>\n<p style=\"text-align: center;\"><span>\u00a0<\/span><span>PARCARE: 10 lei pe zi.<\/span><\/p>\n<p style=\"text-align: center;\"><a href=\"https:\/\/www.waze.com\/ro\/live-map\/directions?to=ll.47.623351%2C25.925224\" style=\"font-size: 16px;\">Vino cu aplica\u021bia Waze<\/a><\/p>\n<p>[\/et_pb_text][\/et_pb_column][\/et_pb_row][\/et_pb_section][et_pb_section fb_built=&#8221;1&#8243; specialty=&#8221;on&#8221; custom_padding_last_edited=&#8221;on|phone&#8221; padding_top_1=&#8221;0px&#8221; padding_top_bottom_link_1=&#8221;false&#8221; padding_left_right_link_1=&#8221;false&#8221; padding_1_tablet=&#8221;&#8221; padding_2_tablet=&#8221;&#8221; padding_1_phone=&#8221;&#8221; padding_2_phone=&#8221;||0px||false|false&#8221; padding_1_last_edited=&#8221;on|phone&#8221; padding_2_last_edited=&#8221;on|phone&#8221; admin_label=&#8221;Footer&#8221; _builder_version=&#8221;4.25.1&#8243; background_color=&#8221;#bd8f52&#8243; width=&#8221;86%&#8221; width_tablet=&#8221;86%&#8221; width_phone=&#8221;100%&#8221; width_last_edited=&#8221;on|phone&#8221; max_width_tablet=&#8221;&#8221; max_width_phone=&#8221;&#8221; max_width_last_edited=&#8221;on|phone&#8221; module_alignment=&#8221;right&#8221; inner_width_tablet=&#8221;&#8221; inner_width_phone=&#8221;&#8221; inner_width_last_edited=&#8221;on|phone&#8221; inner_max_width_tablet=&#8221;&#8221; inner_max_width_phone=&#8221;&#8221; inner_max_width_last_edited=&#8221;on|phone&#8221; min_height_tablet=&#8221;&#8221; min_height_phone=&#8221;&#8221; min_height_last_edited=&#8221;on|phone&#8221; height=&#8221;346px&#8221; height_tablet=&#8221;346px&#8221; height_phone=&#8221;346px&#8221; height_last_edited=&#8221;on|phone&#8221; max_height_tablet=&#8221;&#8221; max_height_phone=&#8221;474px&#8221; max_height_last_edited=&#8221;on|phone&#8221; custom_margin=&#8221;-38px||22px||false|false&#8221; custom_margin_tablet=&#8221;0px||22px||false|false&#8221; custom_margin_phone=&#8221;||1px||false|false&#8221; custom_margin_last_edited=&#8221;on|phone&#8221; custom_padding=&#8221;30px||||false|false&#8221; custom_padding_tablet=&#8221;30px||||false|false&#8221; custom_padding_phone=&#8221;7px||0px||false|false&#8221; module_alignment_tablet=&#8221;right&#8221; module_alignment_phone=&#8221;center&#8221; module_alignment_last_edited=&#8221;on|phone&#8221; locked=&#8221;off&#8221; global_colors_info=&#8221;{}&#8221;][et_pb_column type=&#8221;1_2&#8243; _builder_version=&#8221;4.16&#8243; custom_padding=&#8221;|||&#8221; global_colors_info=&#8221;{}&#8221; custom_padding__hover=&#8221;|||&#8221;][et_pb_text content_tablet=&#8221;<\/p>\n<h2>Fii gata pentru o experien\u021b\u0103 de neuitat!<\/h2>\n<p>&#8221; content_phone=&#8221;<\/p>\n<h2 style=%22text-align: center;%22>Fii gata pentru o experien\u021b\u0103 de neuitat!<\/h2>\n<p>&#8221; content_last_edited=&#8221;on|phone&#8221; _builder_version=&#8221;4.27.4&#8243; text_font=&#8221;Cabin||||||||&#8221; text_font_size=&#8221;16px&#8221; text_line_height=&#8221;1.8em&#8221; header_2_font=&#8221;Playfair Display|700|||||||&#8221; header_2_font_size=&#8221;56px&#8221; header_2_line_height=&#8221;1.1em&#8221; header_3_font=&#8221;Cabin|700||on|||||&#8221; header_3_text_color=&#8221;#bd8f52&#8243; header_3_font_size=&#8221;13px&#8221; header_3_letter_spacing=&#8221;3px&#8221; header_3_line_height=&#8221;1.4em&#8221; background_layout=&#8221;dark&#8221; max_width=&#8221;500px&#8221; max_width_tablet=&#8221;90%&#8221; max_width_phone=&#8221;100%&#8221; max_width_last_edited=&#8221;off|desktop&#8221; custom_margin=&#8221;26px|0px|||false|false&#8221; text_font_size_tablet=&#8221;15px&#8221; text_font_size_phone=&#8221;14px&#8221; text_font_size_last_edited=&#8221;on|phone&#8221; header_text_align_tablet=&#8221;&#8221; header_text_align_phone=&#8221;center&#8221; header_text_align_last_edited=&#8221;on|phone&#8221; header_2_font_size_tablet=&#8221;44px&#8221; header_2_font_size_phone=&#8221;21px&#8221; header_2_font_size_last_edited=&#8221;on|phone&#8221; header_2_letter_spacing_tablet=&#8221;&#8221; header_2_letter_spacing_phone=&#8221;&#8221; header_2_letter_spacing_last_edited=&#8221;on|phone&#8221; header_2_line_height_tablet=&#8221;1.1em&#8221; header_2_line_height_phone=&#8221;1.1em&#8221; header_2_line_height_last_edited=&#8221;on|phone&#8221; locked=&#8221;off&#8221; global_colors_info=&#8221;{}&#8221; header_2_2_font_size_phone=&#8221;32px&#8221; header_3_2_font_size_phone=&#8221;32px&#8221; header_4_2_font_size_phone=&#8221;32px&#8221; header_5_2_font_size_phone=&#8221;32px&#8221; header_6_2_font_size_phone=&#8221;32px&#8221; header_2_2_font_size_tablet=&#8221;44px&#8221; header_3_2_font_size_tablet=&#8221;44px&#8221; header_4_2_font_size_tablet=&#8221;44px&#8221; header_5_2_font_size_tablet=&#8221;44px&#8221; header_6_2_font_size_tablet=&#8221;44px&#8221; header_2_2_font_size_last_edited=&#8221;on|tablet&#8221; header_3_2_font_size_last_edited=&#8221;on|tablet&#8221; header_4_2_font_size_last_edited=&#8221;on|tablet&#8221; header_5_2_font_size_last_edited=&#8221;on|tablet&#8221; header_6_2_font_size_last_edited=&#8221;on|tablet&#8221;]<\/p>\n<h2>Fii gata pentru o experien\u021b\u0103 de neuitat!<\/h2>\n<p>[\/et_pb_text][\/et_pb_column][et_pb_column type=&#8221;1_2&#8243; specialty_columns=&#8221;2&#8243; _builder_version=&#8221;4.16&#8243; custom_padding=&#8221;|||&#8221; global_colors_info=&#8221;{}&#8221; custom_padding__hover=&#8221;|||&#8221;][et_pb_row_inner custom_padding_last_edited=&#8221;on|phone&#8221; _builder_version=&#8221;4.25.1&#8243; width_tablet=&#8221;&#8221; width_phone=&#8221;100%&#8221; width_last_edited=&#8221;on|phone&#8221; max_width_tablet=&#8221;&#8221; max_width_phone=&#8221;&#8221; max_width_last_edited=&#8221;on|phone&#8221; min_height_tablet=&#8221;&#8221; min_height_phone=&#8221;&#8221; min_height_last_edited=&#8221;on|phone&#8221; height_tablet=&#8221;&#8221; height_phone=&#8221;&#8221; height_last_edited=&#8221;on|phone&#8221; max_height_tablet=&#8221;&#8221; max_height_phone=&#8221;&#8221; max_height_last_edited=&#8221;on|phone&#8221; custom_margin_tablet=&#8221;&#8221; custom_margin_phone=&#8221;21px|0px|0px|0px|false|false&#8221; custom_margin_last_edited=&#8221;on|phone&#8221; custom_padding_tablet=&#8221;&#8221; custom_padding_phone=&#8221;0px|0px|0px|36px|false|false&#8221; module_alignment_tablet=&#8221;&#8221; module_alignment_phone=&#8221;center&#8221; module_alignment_last_edited=&#8221;on|phone&#8221; global_colors_info=&#8221;{}&#8221;][et_pb_column_inner saved_specialty_column_type=&#8221;1_2&#8243; _builder_version=&#8221;4.25.1&#8243; custom_padding_tablet=&#8221;&#8221; custom_padding_phone=&#8221;0px|0px|0px|0px|false|false&#8221; custom_padding_last_edited=&#8221;on|phone&#8221; global_colors_info=&#8221;{}&#8221;][et_pb_blurb use_icon=&#8221;on&#8221; font_icon=&#8221;&#xe065;||divi||400&#8243; icon_color=&#8221;#ffffff&#8221; image_icon_background_color=&#8221;#bd8f52&#8243; icon_placement=&#8221;left&#8221; image_icon_width=&#8221;16px&#8221; content_max_width=&#8221;1100px&#8221; _builder_version=&#8221;4.27.4&#8243; header_font=&#8221;Cabin|700||on|||||&#8221; header_text_color=&#8221;rgba(85,101,112,0.8)&#8221; header_font_size=&#8221;12px&#8221; header_letter_spacing=&#8221;2px&#8221; header_line_height=&#8221;0.3em&#8221; body_font=&#8221;Cabin|700|||||||&#8221; body_font_size=&#8221;16px&#8221; body_line_height=&#8221;1.3em&#8221; image_icon_custom_padding=&#8221;8px|8px|8px|8px|false|false&#8221; background_layout=&#8221;dark&#8221; custom_margin=&#8221;-10px||15px||false|false&#8221; hover_enabled=&#8221;0&#8243; body_font_size_tablet=&#8221;15px&#8221; body_font_size_phone=&#8221;14px&#8221; body_font_size_last_edited=&#8221;off|desktop&#8221; border_radii_image=&#8221;on|100%|100%|100%|100%&#8221; use_circle=&#8221;on&#8221; circle_color=&#8221;#bd8f52&#8243; locked=&#8221;off&#8221; global_colors_info=&#8221;{}&#8221; image_icon_background_color__sticky_enabled=&#8221;#7EBEC5&#8243; image_icon_background_color__sticky=&#8221;#7EBEC5&#8243; sticky_enabled=&#8221;0&#8243;][\/et_pb_blurb][et_pb_blurb title=&#8221;Viziteaz\u0103-ne&#8221; use_icon=&#8221;on&#8221; font_icon=&#8221;&#xe081;||divi||400&#8243; icon_color=&#8221;#ffffff&#8221; image_icon_background_color=&#8221;#bd8f52&#8243; icon_placement=&#8221;left&#8221; image_icon_width=&#8221;16px&#8221; content_max_width=&#8221;1100px&#8221; _builder_version=&#8221;4.25.1&#8243; header_font=&#8221;Cabin|700||on|||||&#8221; header_text_color=&#8221;rgba(85,101,112,0.8)&#8221; header_font_size=&#8221;12px&#8221; header_letter_spacing=&#8221;2px&#8221; header_line_height=&#8221;0.3em&#8221; body_font=&#8221;Cabin|700|||||||&#8221; body_font_size=&#8221;16px&#8221; body_line_height=&#8221;1.3em&#8221; image_icon_custom_padding=&#8221;8px|8px|8px|8px|false|false&#8221; background_layout=&#8221;dark&#8221; custom_margin=&#8221;-10px||15px||false|false&#8221; custom_padding=&#8221;17px||17px||false|false&#8221; border_radii_image=&#8221;on|100%|100%|100%|100%&#8221; use_circle=&#8221;on&#8221; circle_color=&#8221;#bd8f52&#8243; locked=&#8221;off&#8221; global_colors_info=&#8221;{}&#8221; image_icon_background_color__sticky_enabled=&#8221;#7EBEC5&#8243; image_icon_background_color__sticky=&#8221;#7EBEC5&#8243;]<\/p>\n<p>Cacica, Suceava<\/p>\n<p>[\/et_pb_blurb][et_pb_blurb title=&#8221;Trimite-ne un email&#8221; use_icon=&#8221;on&#8221; font_icon=&#8221;&#xe076;||divi||400&#8243; icon_color=&#8221;#ffffff&#8221; image_icon_background_color=&#8221;#bd8f52&#8243; icon_placement=&#8221;left&#8221; image_icon_width=&#8221;16px&#8221; content_max_width=&#8221;1100px&#8221; _builder_version=&#8221;4.25.1&#8243; header_font=&#8221;Cabin|700||on|||||&#8221; header_text_color=&#8221;rgba(85,101,112,0.8)&#8221; header_font_size=&#8221;12px&#8221; header_letter_spacing=&#8221;2px&#8221; header_line_height=&#8221;0.3em&#8221; body_font=&#8221;Cabin|700|||||||&#8221; body_font_size=&#8221;16px&#8221; body_line_height=&#8221;1.3em&#8221; image_icon_custom_padding=&#8221;8px|8px|8px|8px|false|false&#8221; background_layout=&#8221;dark&#8221; custom_margin=&#8221;-10px||15px||false|false&#8221; border_radii_image=&#8221;on|100%|100%|100%|100%&#8221; use_circle=&#8221;on&#8221; circle_color=&#8221;#bd8f52&#8243; locked=&#8221;off&#8221; global_colors_info=&#8221;{}&#8221; image_icon_background_color__sticky_enabled=&#8221;#7EBEC5&#8243; image_icon_background_color__sticky=&#8221;#7EBEC5&#8243;]<\/p>\n<p><strong>contact@festivalultrufelor.ro<\/strong><\/p>\n<p>[\/et_pb_blurb][\/et_pb_column_inner][\/et_pb_row_inner][\/et_pb_column][\/et_pb_section]<\/p>\n","protected":false},"excerpt":{"rendered":"<p>\u00a0Festivalul Trufelor &#8211; Edi\u021bia 2024 Regulament de achizitionare a biletelor \u00een cadrul Festivalului Trufelor 5 &#8211; edi\u021bia special\u0103\u00a0Nu rata ocazia de a te bucura de cele mai delicioase trufe si preparate tradi\u021bionale. Al\u0103tur\u0103-te nou\u0103 pentru o aventura gastronomic\u0103 de neuitat \u00een inima naturii. Biletele sunt limitate, asigur\u0103-\u021bi locul acum!\u00ceNCEARC\u0102 EXPERIEN\u021aA VIP &#8211; BILETE VIP Bilet [&hellip;]<\/p>\n","protected":false},"author":1,"featured_media":0,"parent":0,"menu_order":0,"comment_status":"closed","ping_status":"closed","template":"","meta":{"_et_pb_use_builder":"on","_et_pb_old_content":"","_et_gb_content_width":"","footnotes":""},"class_list":["post-573","page","type-page","status-publish","hentry"],"_links":{"self":[{"href":"https:\/\/festivalultrufelor.ro\/index.php\/wp-json\/wp\/v2\/pages\/573","targetHints":{"allow":["GET"]}}],"collection":[{"href":"https:\/\/festivalultrufelor.ro\/index.php\/wp-json\/wp\/v2\/pages"}],"about":[{"href":"https:\/\/festivalultrufelor.ro\/index.php\/wp-json\/wp\/v2\/types\/page"}],"author":[{"embeddable":true,"href":"https:\/\/festivalultrufelor.ro\/index.php\/wp-json\/wp\/v2\/users\/1"}],"replies":[{"embeddable":true,"href":"https:\/\/festivalultrufelor.ro\/index.php\/wp-json\/wp\/v2\/comments?post=573"}],"version-history":[{"count":23,"href":"https:\/\/festivalultrufelor.ro\/index.php\/wp-json\/wp\/v2\/pages\/573\/revisions"}],"predecessor-version":[{"id":995,"href":"https:\/\/festivalultrufelor.ro\/index.php\/wp-json\/wp\/v2\/pages\/573\/revisions\/995"}],"wp:attachment":[{"href":"https:\/\/festivalultrufelor.ro\/index.php\/wp-json\/wp\/v2\/media?parent=573"}],"curies":[{"name":"wp","href":"https:\/\/api.w.org\/{rel}","templated":true}]}}