{"id":166,"date":"2024-05-29T13:21:59","date_gmt":"2024-05-29T13:21:59","guid":{"rendered":"https:\/\/festival.routerb.ro\/?page_id=166"},"modified":"2025-08-15T12:33:39","modified_gmt":"2025-08-15T12:33:39","slug":"166-2","status":"publish","type":"page","link":"https:\/\/festivalultrufelor.ro\/index.php\/166-2\/","title":{"rendered":"Locatie_festival"},"content":{"rendered":"<p>[et_pb_section fb_built=&#8221;1&#8243; specialty=&#8221;on&#8221; custom_padding_last_edited=&#8221;on|desktop&#8221; background_color_2=&#8221;#000000&#8243; padding_top_2=&#8221;40px&#8221; padding_right_2=&#8221;30px&#8221; padding_bottom_2=&#8221;40px&#8221; padding_left_2=&#8221;30px&#8221; padding_top_bottom_link_2=&#8221;true&#8221; padding_left_right_link_2=&#8221;true&#8221; padding_2_tablet=&#8221;0px|0px|0px|0px|true|true&#8221; padding_2_phone=&#8221;&#8221; padding_2_last_edited=&#8221;on|tablet&#8221; admin_label=&#8221;Header&#8221; _builder_version=&#8221;4.25.1&#8243; background_color=&#8221;RGBA(255,255,255,0)&#8221; use_background_color_gradient=&#8221;on&#8221; background_color_gradient_direction=&#8221;90deg&#8221; background_color_gradient_stops=&#8221;#002d4c 46%|#ffffff 46%&#8221; background_color_gradient_start=&#8221;#ffffff&#8221; background_color_gradient_start_position=&#8221;65%&#8221; background_color_gradient_end=&#8221;#002d4c&#8221; background_color_gradient_end_position=&#8221;0%&#8221; width_tablet=&#8221;&#8221; width_phone=&#8221;&#8221; width_last_edited=&#8221;on|phone&#8221; max_width_tablet=&#8221;&#8221; max_width_phone=&#8221;&#8221; max_width_last_edited=&#8221;on|phone&#8221; inner_width_tablet=&#8221;&#8221; inner_width_phone=&#8221;&#8221; inner_width_last_edited=&#8221;on|phone&#8221; inner_max_width_tablet=&#8221;&#8221; inner_max_width_phone=&#8221;&#8221; inner_max_width_last_edited=&#8221;on|phone&#8221; min_height_tablet=&#8221;&#8221; min_height_phone=&#8221;&#8221; min_height_last_edited=&#8221;on|phone&#8221; height_tablet=&#8221;&#8221; height_phone=&#8221;562px&#8221; height_last_edited=&#8221;on|phone&#8221; custom_padding=&#8221;5vw||80px||false|false&#8221; custom_padding_tablet=&#8221;||0px||false|false&#8221; custom_padding_phone=&#8221;&#8221; background_last_edited=&#8221;on|tablet&#8221; use_background_color_gradient_tablet=&#8221;off&#8221; use_background_color_gradient_phone=&#8221;on&#8221; background_color_gradient_direction_phone=&#8221;180deg&#8221; background_color_gradient_stops_phone=&#8221;#002d4c 21%|#ffffff 21%&#8221; module_alignment_tablet=&#8221;&#8221; module_alignment_phone=&#8221;&#8221; module_alignment_last_edited=&#8221;on|phone&#8221; inner_module_alignment_tablet=&#8221;&#8221; inner_module_alignment_phone=&#8221;center&#8221; inner_module_alignment_last_edited=&#8221;on|phone&#8221; global_colors_info=&#8221;{}&#8221;][et_pb_column type=&#8221;1_2&#8243; specialty_columns=&#8221;2&#8243; _builder_version=&#8221;4.16&#8243; custom_padding=&#8221;|||&#8221; global_colors_info=&#8221;{}&#8221; custom_padding__hover=&#8221;|||&#8221;][et_pb_row_inner column_structure=&#8221;1_2,1_2&#8243; custom_padding_last_edited=&#8221;on|phone&#8221; _builder_version=&#8221;4.25.1&#8243; background_color=&#8221;RGBA(255,255,255,0)&#8221; width=&#8221;200%&#8221; width_tablet=&#8221;200%&#8221; width_phone=&#8221;100%&#8221; width_last_edited=&#8221;on|phone&#8221; max_width=&#8221;300%&#8221; max_width_tablet=&#8221;300%&#8221; max_width_phone=&#8221;100%&#8221; max_width_last_edited=&#8221;on|phone&#8221; min_height_tablet=&#8221;&#8221; min_height_phone=&#8221;auto&#8221; min_height_last_edited=&#8221;on|phone&#8221; height_tablet=&#8221;&#8221; height_phone=&#8221;auto&#8221; height_last_edited=&#8221;on|phone&#8221; max_height_tablet=&#8221;&#8221; max_height_phone=&#8221;&#8221; max_height_last_edited=&#8221;on|phone&#8221; custom_margin_tablet=&#8221;&#8221; custom_margin_phone=&#8221;0px|0px|0px|0px|false|false&#8221; custom_margin_last_edited=&#8221;on|phone&#8221; custom_padding=&#8221;|0px||0px|false|false&#8221; custom_padding_tablet=&#8221;|0px||0px|false|false&#8221; custom_padding_phone=&#8221;0px|0px|0px|0px|false|false&#8221; module_alignment_tablet=&#8221;&#8221; module_alignment_phone=&#8221;center&#8221; module_alignment_last_edited=&#8221;on|phone&#8221; global_colors_info=&#8221;{}&#8221;][et_pb_column_inner type=&#8221;1_2&#8243; saved_specialty_column_type=&#8221;1_2&#8243; _builder_version=&#8221;4.25.1&#8243; background_color=&#8221;RGBA(255,255,255,0)&#8221; custom_padding=&#8221;||||false|false&#8221; custom_padding_tablet=&#8221;||||false|false&#8221; custom_padding_phone=&#8221;0px|0px|0px|0px|false|false&#8221; custom_padding_last_edited=&#8221;on|phone&#8221; global_colors_info=&#8221;{}&#8221;][et_pb_text _builder_version=&#8221;4.25.1&#8243; text_font=&#8221;Cabin||||||||&#8221; text_text_color=&#8221;rgba(85,101,112,0.8)&#8221; text_font_size=&#8221;16px&#8221; text_line_height=&#8221;1.8em&#8221; header_font=&#8221;Playfair Display|700|||||||&#8221; header_text_color=&#8221;#FFFFFF&#8221; header_font_size=&#8221;66px&#8221; header_line_height=&#8221;1.1em&#8221; header_3_font=&#8221;Cabin|700||on|||||&#8221; header_3_text_color=&#8221;#bd8f52&#8243; header_3_font_size=&#8221;13px&#8221; header_3_letter_spacing=&#8221;3px&#8221; header_3_line_height=&#8221;1.4em&#8221; background_color=&#8221;RGBA(255,255,255,0)&#8221; max_width=&#8221;36vw&#8221; max_width_tablet=&#8221;90%&#8221; max_width_phone=&#8221;100%&#8221; max_width_last_edited=&#8221;on|tablet&#8221; custom_margin=&#8221;||||false|false&#8221; text_font_size_tablet=&#8221;15px&#8221; text_font_size_phone=&#8221;14px&#8221; text_font_size_last_edited=&#8221;on|phone&#8221; header_font_size_tablet=&#8221;52px&#8221; header_font_size_phone=&#8221;38px&#8221; header_font_size_last_edited=&#8221;on|desktop&#8221; locked=&#8221;off&#8221; global_colors_info=&#8221;{}&#8221;]<\/p>\n<h1>Loca\u021bia evenimentului<\/h1>\n<p>[\/et_pb_text][\/et_pb_column_inner][et_pb_column_inner type=&#8221;1_2&#8243; saved_specialty_column_type=&#8221;1_2&#8243; _builder_version=&#8221;4.25.1&#8243; background_color=&#8221;RGBA(255,255,255,0)&#8221; custom_padding_tablet=&#8221;&#8221; custom_padding_phone=&#8221;0px|0px|0px|0px|false|false&#8221; custom_padding_last_edited=&#8221;on|phone&#8221; global_colors_info=&#8221;{}&#8221;][et_pb_text _builder_version=&#8221;4.25.1&#8243; text_font=&#8221;Cabin||||||||&#8221; text_text_color=&#8221;rgba(85,101,112,0.8)&#8221; text_font_size=&#8221;16px&#8221; text_line_height=&#8221;1.8em&#8221; header_font=&#8221;Playfair Display|700|||||||&#8221; header_text_color=&#8221;#002d4c&#8221; header_font_size=&#8221;66px&#8221; header_line_height=&#8221;1.1em&#8221; header_3_font=&#8221;Cabin|700||on|||||&#8221; header_3_text_color=&#8221;#bd8f52&#8243; header_3_font_size=&#8221;13px&#8221; header_3_letter_spacing=&#8221;3px&#8221; header_3_line_height=&#8221;1.4em&#8221; background_color=&#8221;RGBA(255,255,255,0)&#8221; width=&#8221;100%&#8221; width_tablet=&#8221;100%&#8221; width_phone=&#8221;100%&#8221; width_last_edited=&#8221;on|phone&#8221; max_width_tablet=&#8221;90%&#8221; max_width_phone=&#8221;100%&#8221; max_width_last_edited=&#8221;on|phone&#8221; min_height_tablet=&#8221;&#8221; min_height_phone=&#8221;auto&#8221; min_height_last_edited=&#8221;on|phone&#8221; height_tablet=&#8221;&#8221; height_phone=&#8221;&#8221; height_last_edited=&#8221;on|phone&#8221; max_height_tablet=&#8221;&#8221; max_height_phone=&#8221;&#8221; max_height_last_edited=&#8221;on|phone&#8221; custom_margin=&#8221;||||false|false&#8221; custom_margin_tablet=&#8221;||||false|false&#8221; custom_margin_phone=&#8221;0px|0px|0px|0px|false|false&#8221; custom_margin_last_edited=&#8221;on|phone&#8221; custom_padding_tablet=&#8221;&#8221; custom_padding_phone=&#8221;0px|0px|0px|0px|false|false&#8221; custom_padding_last_edited=&#8221;on|phone&#8221; text_font_size_tablet=&#8221;15px&#8221; text_font_size_phone=&#8221;14px&#8221; text_font_size_last_edited=&#8221;on|phone&#8221; header_text_align_tablet=&#8221;&#8221; header_text_align_phone=&#8221;justify&#8221; header_text_align_last_edited=&#8221;on|phone&#8221; header_font_size_tablet=&#8221;52px&#8221; header_font_size_phone=&#8221;38px&#8221; header_font_size_last_edited=&#8221;on|desktop&#8221; module_alignment_tablet=&#8221;&#8221; module_alignment_phone=&#8221;center&#8221; module_alignment_last_edited=&#8221;on|phone&#8221; locked=&#8221;off&#8221; global_colors_info=&#8221;{}&#8221;]<\/p>\n<p>La fel ca anul trecut, gazda noastr\u0103 va fi tot \u00een <span style=\"color: #1c1c1c;\">Cacica, Suceava<\/span>.<\/p>\n<div id=\"\" class=\"brz-css-rD4Ke brz-wrapper\">\n<div class=\"brz-rich-text brz-rich-text__custom brz-css-chcPr\" data-brz-custom-id=\"tfuslamrxwhiidwbxdlkkkqvtornapwngapx\">\n<div data-brz-translate-text=\"1\">\n<p class=\"brz-text-lg-justify brz-tp-lg-paragraph brz-css-lCdZn\" data-uniq-id=\"xiarh\" data-generated-css=\"brz-css-beiqc\" style=\"text-align: justify;\">O loca\u021bie pitoreasc\u0103 \u00eentre dealurile bucovinene, departe de vuietul ora\u0219elor \u0219i al str\u0103zilor.<\/p>\n<p class=\"brz-text-lg-justify brz-tp-lg-paragraph brz-css-lIBw2\" data-uniq-id=\"ewsnh\" data-generated-css=\"brz-css-thvyb\" style=\"text-align: justify;\">Pentru a ajunge la loca\u021bie se iese de pe DN2E, p\u00e2n\u0103 la parcare, iar de acolo se merge pe jos un pic. Acest traseu face parte din experien\u021ba festivalului, v\u0103 ofer\u0103 posibilitatea s\u0103 v\u0103 bucura\u021bi de frumuse\u021bea locului p\u00e2n\u0103 s\u0103 ne \u00eent\u00e2lni\u021bi.<\/p>\n<p class=\"brz-text-lg-justify brz-tp-lg-paragraph brz-css-vso8v\" data-uniq-id=\"ojviw\" data-generated-css=\"brz-css-ydyvk\" style=\"text-align: justify;\">Anul acesta avem \u0219i loca\u021bie pentru camping \u00een locul unde va fi \u0219i festivalul pentru a v\u0103 putea bucura de o experien\u021b\u0103 unic\u0103 \u0219i a putea fi \u00eempreun\u0103.<\/p>\n<p class=\"brz-text-lg-justify brz-tp-lg-paragraph brz-css-vso8v\" data-uniq-id=\"ojviw\" data-generated-css=\"brz-css-ydyvk\" style=\"text-align: justify;\">\n<p><a href=\"https:\/\/www.waze.com\/ro\/live-map\/directions?to=ll.47.623351%2C25.925224\"><strong>\u2192<span>\u00a0<\/span><\/strong>Vino cu aplica\u021bia \u27a4<span>\u00a0<\/span><span><strong>WAZE\u00a0<\/strong><\/span><\/a><strong><\/strong><\/p>\n<p>\u2192<span>\u00a0<\/span><a href=\"https:\/\/festivalultrufelor.ro\/index.php\/trasport-gratuit\/\">Vino gratuit la Festival cu\u00a0<span>\u00a0<\/span><span><strong>\u27a4 LINIA TRUFELOR<\/strong><\/span><\/a><\/p>\n<\/div>\n<\/div>\n<\/div>\n<p>[\/et_pb_text][\/et_pb_column_inner][\/et_pb_row_inner][\/et_pb_column][et_pb_column type=&#8221;1_2&#8243; _builder_version=&#8221;4.16&#8243; custom_padding=&#8221;|||&#8221; global_colors_info=&#8221;{}&#8221; custom_padding__hover=&#8221;|||&#8221;][\/et_pb_column][\/et_pb_section][et_pb_section fb_built=&#8221;1&#8243; custom_padding_last_edited=&#8221;on|phone&#8221; admin_label=&#8221;Contact Info&#8221; _builder_version=&#8221;4.25.1&#8243; module_alignment=&#8221;center&#8221; custom_margin=&#8221;0px|auto|auto|auto|false|false&#8221; custom_margin_tablet=&#8221;0px|auto|auto|auto|false|false&#8221; custom_margin_phone=&#8221;0px||||false|false&#8221; custom_margin_last_edited=&#8221;on|phone&#8221; custom_padding=&#8221;||||false|false&#8221; custom_padding_tablet=&#8221;||||false|false&#8221; custom_padding_phone=&#8221;0px||||false|false&#8221; global_colors_info=&#8221;{}&#8221;][\/et_pb_section][et_pb_section fb_built=&#8221;1&#8243; specialty=&#8221;on&#8221; custom_padding_last_edited=&#8221;on|phone&#8221; padding_top_1=&#8221;0px&#8221; padding_top_bottom_link_1=&#8221;false&#8221; padding_left_right_link_1=&#8221;false&#8221; padding_1_tablet=&#8221;&#8221; padding_2_tablet=&#8221;&#8221; padding_1_phone=&#8221;&#8221; padding_2_phone=&#8221;||0px||false|false&#8221; padding_1_last_edited=&#8221;on|phone&#8221; padding_2_last_edited=&#8221;on|phone&#8221; admin_label=&#8221;Footer&#8221; _builder_version=&#8221;4.25.1&#8243; background_color=&#8221;#bd8f52&#8243; width=&#8221;86%&#8221; width_tablet=&#8221;86%&#8221; width_phone=&#8221;100%&#8221; width_last_edited=&#8221;on|phone&#8221; max_width_tablet=&#8221;&#8221; max_width_phone=&#8221;&#8221; max_width_last_edited=&#8221;on|phone&#8221; module_alignment=&#8221;right&#8221; inner_width_tablet=&#8221;&#8221; inner_width_phone=&#8221;&#8221; inner_width_last_edited=&#8221;on|phone&#8221; inner_max_width_tablet=&#8221;&#8221; inner_max_width_phone=&#8221;&#8221; inner_max_width_last_edited=&#8221;on|phone&#8221; min_height_tablet=&#8221;&#8221; min_height_phone=&#8221;&#8221; min_height_last_edited=&#8221;on|phone&#8221; height=&#8221;346px&#8221; height_tablet=&#8221;346px&#8221; height_phone=&#8221;346px&#8221; height_last_edited=&#8221;on|phone&#8221; max_height_tablet=&#8221;&#8221; max_height_phone=&#8221;474px&#8221; max_height_last_edited=&#8221;on|phone&#8221; custom_margin=&#8221;0px||22px||false|false&#8221; custom_margin_tablet=&#8221;0px||22px||false|false&#8221; custom_margin_phone=&#8221;||1px||false|false&#8221; custom_margin_last_edited=&#8221;on|phone&#8221; custom_padding=&#8221;30px||||false|false&#8221; custom_padding_tablet=&#8221;30px||||false|false&#8221; custom_padding_phone=&#8221;7px||0px||false|false&#8221; module_alignment_tablet=&#8221;right&#8221; module_alignment_phone=&#8221;center&#8221; module_alignment_last_edited=&#8221;on|phone&#8221; locked=&#8221;off&#8221; global_colors_info=&#8221;{}&#8221;][et_pb_column type=&#8221;1_2&#8243; _builder_version=&#8221;4.16&#8243; custom_padding=&#8221;|||&#8221; global_colors_info=&#8221;{}&#8221; custom_padding__hover=&#8221;|||&#8221;][et_pb_text content_tablet=&#8221;<\/p>\n<h2>Abia A\u0219tept\u0103m S\u0103 Te Vedem!<\/h2>\n<p>&#8221; content_phone=&#8221;<\/p>\n<h2 style=%22text-align: center;%22>Abia A\u0219tept\u0103m S\u0103 Te Vedem!<\/h2>\n<p>&#8221; content_last_edited=&#8221;on|phone&#8221; _builder_version=&#8221;4.27.4&#8243; text_font=&#8221;Cabin||||||||&#8221; text_font_size=&#8221;16px&#8221; text_line_height=&#8221;1.8em&#8221; header_2_font=&#8221;Playfair Display|700|||||||&#8221; header_2_font_size=&#8221;56px&#8221; header_2_line_height=&#8221;1.1em&#8221; header_3_font=&#8221;Cabin|700||on|||||&#8221; header_3_text_color=&#8221;#bd8f52&#8243; header_3_font_size=&#8221;13px&#8221; header_3_letter_spacing=&#8221;3px&#8221; header_3_line_height=&#8221;1.4em&#8221; background_layout=&#8221;dark&#8221; max_width=&#8221;500px&#8221; max_width_tablet=&#8221;90%&#8221; max_width_phone=&#8221;100%&#8221; max_width_last_edited=&#8221;off|desktop&#8221; custom_margin=&#8221;26px|0px|||false|false&#8221; text_font_size_tablet=&#8221;15px&#8221; text_font_size_phone=&#8221;14px&#8221; text_font_size_last_edited=&#8221;on|phone&#8221; header_text_align_tablet=&#8221;&#8221; header_text_align_phone=&#8221;center&#8221; header_text_align_last_edited=&#8221;on|phone&#8221; header_2_font_size_tablet=&#8221;44px&#8221; header_2_font_size_phone=&#8221;21px&#8221; header_2_font_size_last_edited=&#8221;on|phone&#8221; header_2_letter_spacing_tablet=&#8221;&#8221; header_2_letter_spacing_phone=&#8221;&#8221; header_2_letter_spacing_last_edited=&#8221;on|phone&#8221; header_2_line_height_tablet=&#8221;1.1em&#8221; header_2_line_height_phone=&#8221;1.1em&#8221; header_2_line_height_last_edited=&#8221;on|phone&#8221; locked=&#8221;off&#8221; global_colors_info=&#8221;{}&#8221; header_2_2_font_size_phone=&#8221;32px&#8221; header_3_2_font_size_phone=&#8221;32px&#8221; header_4_2_font_size_phone=&#8221;32px&#8221; header_5_2_font_size_phone=&#8221;32px&#8221; header_6_2_font_size_phone=&#8221;32px&#8221; header_2_2_font_size_tablet=&#8221;44px&#8221; header_3_2_font_size_tablet=&#8221;44px&#8221; header_4_2_font_size_tablet=&#8221;44px&#8221; header_5_2_font_size_tablet=&#8221;44px&#8221; header_6_2_font_size_tablet=&#8221;44px&#8221; header_2_2_font_size_last_edited=&#8221;on|tablet&#8221; header_3_2_font_size_last_edited=&#8221;on|tablet&#8221; header_4_2_font_size_last_edited=&#8221;on|tablet&#8221; header_5_2_font_size_last_edited=&#8221;on|tablet&#8221; header_6_2_font_size_last_edited=&#8221;on|tablet&#8221;]<\/p>\n<h2>Fii gata pentru o experien\u021b\u0103 de neuitat!<\/h2>\n<p>[\/et_pb_text][\/et_pb_column][et_pb_column type=&#8221;1_2&#8243; specialty_columns=&#8221;2&#8243; _builder_version=&#8221;4.16&#8243; custom_padding=&#8221;|||&#8221; global_colors_info=&#8221;{}&#8221; custom_padding__hover=&#8221;|||&#8221;][et_pb_row_inner custom_padding_last_edited=&#8221;on|phone&#8221; _builder_version=&#8221;4.25.1&#8243; width_tablet=&#8221;&#8221; width_phone=&#8221;100%&#8221; width_last_edited=&#8221;on|phone&#8221; max_width_tablet=&#8221;&#8221; max_width_phone=&#8221;&#8221; max_width_last_edited=&#8221;on|phone&#8221; min_height_tablet=&#8221;&#8221; min_height_phone=&#8221;&#8221; min_height_last_edited=&#8221;on|phone&#8221; height_tablet=&#8221;&#8221; height_phone=&#8221;&#8221; height_last_edited=&#8221;on|phone&#8221; max_height_tablet=&#8221;&#8221; max_height_phone=&#8221;&#8221; max_height_last_edited=&#8221;on|phone&#8221; custom_margin_tablet=&#8221;&#8221; custom_margin_phone=&#8221;21px|0px|0px|0px|false|false&#8221; custom_margin_last_edited=&#8221;on|phone&#8221; custom_padding_tablet=&#8221;&#8221; custom_padding_phone=&#8221;0px|0px|0px|36px|false|false&#8221; module_alignment_tablet=&#8221;&#8221; module_alignment_phone=&#8221;center&#8221; module_alignment_last_edited=&#8221;on|phone&#8221; global_colors_info=&#8221;{}&#8221;][et_pb_column_inner saved_specialty_column_type=&#8221;1_2&#8243; _builder_version=&#8221;4.25.1&#8243; custom_padding_tablet=&#8221;&#8221; custom_padding_phone=&#8221;0px|0px|0px|0px|false|false&#8221; custom_padding_last_edited=&#8221;on|phone&#8221; global_colors_info=&#8221;{}&#8221;][et_pb_blurb use_icon=&#8221;on&#8221; font_icon=&#8221;&#xe065;||divi||400&#8243; icon_color=&#8221;#ffffff&#8221; image_icon_background_color=&#8221;#bd8f52&#8243; icon_placement=&#8221;left&#8221; image_icon_width=&#8221;16px&#8221; content_max_width=&#8221;1100px&#8221; _builder_version=&#8221;4.27.4&#8243; header_font=&#8221;Cabin|700||on|||||&#8221; header_text_color=&#8221;rgba(85,101,112,0.8)&#8221; header_font_size=&#8221;12px&#8221; header_letter_spacing=&#8221;2px&#8221; header_line_height=&#8221;0.3em&#8221; body_font=&#8221;Cabin|700|||||||&#8221; body_font_size=&#8221;16px&#8221; body_line_height=&#8221;1.3em&#8221; image_icon_custom_padding=&#8221;8px|8px|8px|8px|false|false&#8221; background_layout=&#8221;dark&#8221; custom_margin=&#8221;-10px||15px||false|false&#8221; hover_enabled=&#8221;0&#8243; body_font_size_tablet=&#8221;15px&#8221; body_font_size_phone=&#8221;14px&#8221; body_font_size_last_edited=&#8221;off|desktop&#8221; border_radii_image=&#8221;on|100%|100%|100%|100%&#8221; use_circle=&#8221;on&#8221; circle_color=&#8221;#bd8f52&#8243; locked=&#8221;off&#8221; global_colors_info=&#8221;{}&#8221; image_icon_background_color__sticky_enabled=&#8221;#7EBEC5&#8243; image_icon_background_color__sticky=&#8221;#7EBEC5&#8243; sticky_enabled=&#8221;0&#8243;][\/et_pb_blurb][et_pb_blurb title=&#8221;Viziteaz\u0103-ne&#8221; use_icon=&#8221;on&#8221; font_icon=&#8221;&#xe081;||divi||400&#8243; icon_color=&#8221;#ffffff&#8221; image_icon_background_color=&#8221;#bd8f52&#8243; icon_placement=&#8221;left&#8221; image_icon_width=&#8221;16px&#8221; content_max_width=&#8221;1100px&#8221; _builder_version=&#8221;4.25.1&#8243; header_font=&#8221;Cabin|700||on|||||&#8221; header_text_color=&#8221;rgba(85,101,112,0.8)&#8221; header_font_size=&#8221;12px&#8221; header_letter_spacing=&#8221;2px&#8221; header_line_height=&#8221;0.3em&#8221; body_font=&#8221;Cabin|700|||||||&#8221; body_font_size=&#8221;16px&#8221; body_line_height=&#8221;1.3em&#8221; image_icon_custom_padding=&#8221;8px|8px|8px|8px|false|false&#8221; background_layout=&#8221;dark&#8221; custom_margin=&#8221;-10px||15px||false|false&#8221; custom_padding=&#8221;17px||17px||false|false&#8221; border_radii_image=&#8221;on|100%|100%|100%|100%&#8221; use_circle=&#8221;on&#8221; circle_color=&#8221;#bd8f52&#8243; locked=&#8221;off&#8221; global_colors_info=&#8221;{}&#8221; image_icon_background_color__sticky_enabled=&#8221;#7EBEC5&#8243; image_icon_background_color__sticky=&#8221;#7EBEC5&#8243;]<\/p>\n<p>Cacica, Bucovina<\/p>\n<p>[\/et_pb_blurb][et_pb_blurb title=&#8221;Trimite-ne un email&#8221; use_icon=&#8221;on&#8221; font_icon=&#8221;&#xe076;||divi||400&#8243; icon_color=&#8221;#ffffff&#8221; image_icon_background_color=&#8221;#bd8f52&#8243; icon_placement=&#8221;left&#8221; image_icon_width=&#8221;16px&#8221; content_max_width=&#8221;1100px&#8221; _builder_version=&#8221;4.25.1&#8243; header_font=&#8221;Cabin|700||on|||||&#8221; header_text_color=&#8221;rgba(85,101,112,0.8)&#8221; header_font_size=&#8221;12px&#8221; header_letter_spacing=&#8221;2px&#8221; header_line_height=&#8221;0.3em&#8221; body_font=&#8221;Cabin|700|||||||&#8221; body_font_size=&#8221;16px&#8221; body_line_height=&#8221;1.3em&#8221; image_icon_custom_padding=&#8221;8px|8px|8px|8px|false|false&#8221; background_layout=&#8221;dark&#8221; custom_margin=&#8221;-10px||15px||false|false&#8221; border_radii_image=&#8221;on|100%|100%|100%|100%&#8221; use_circle=&#8221;on&#8221; circle_color=&#8221;#bd8f52&#8243; locked=&#8221;off&#8221; global_colors_info=&#8221;{}&#8221; image_icon_background_color__sticky_enabled=&#8221;#7EBEC5&#8243; image_icon_background_color__sticky=&#8221;#7EBEC5&#8243;]<\/p>\n<p><strong>contact@festivalultrufelor.ro<\/strong><\/p>\n<p>[\/et_pb_blurb][\/et_pb_column_inner][\/et_pb_row_inner][\/et_pb_column][\/et_pb_section]<\/p>\n","protected":false},"excerpt":{"rendered":"<p>Loca\u021bia evenimentuluiLa fel ca anul trecut, gazda noastr\u0103 va fi tot \u00een Cacica, Suceava. O loca\u021bie pitoreasc\u0103 \u00eentre dealurile bucovinene, departe de vuietul ora\u0219elor \u0219i al str\u0103zilor. Pentru a ajunge la loca\u021bie se iese de pe DN2E, p\u00e2n\u0103 la parcare, iar de acolo se merge pe jos un pic. Acest traseu face parte din experien\u021ba [&hellip;]<\/p>\n","protected":false},"author":1,"featured_media":0,"parent":0,"menu_order":0,"comment_status":"closed","ping_status":"closed","template":"","meta":{"_et_pb_use_builder":"on","_et_pb_old_content":"","_et_gb_content_width":"","footnotes":""},"class_list":["post-166","page","type-page","status-publish","hentry"],"_links":{"self":[{"href":"https:\/\/festivalultrufelor.ro\/index.php\/wp-json\/wp\/v2\/pages\/166","targetHints":{"allow":["GET"]}}],"collection":[{"href":"https:\/\/festivalultrufelor.ro\/index.php\/wp-json\/wp\/v2\/pages"}],"about":[{"href":"https:\/\/festivalultrufelor.ro\/index.php\/wp-json\/wp\/v2\/types\/page"}],"author":[{"embeddable":true,"href":"https:\/\/festivalultrufelor.ro\/index.php\/wp-json\/wp\/v2\/users\/1"}],"replies":[{"embeddable":true,"href":"https:\/\/festivalultrufelor.ro\/index.php\/wp-json\/wp\/v2\/comments?post=166"}],"version-history":[{"count":20,"href":"https:\/\/festivalultrufelor.ro\/index.php\/wp-json\/wp\/v2\/pages\/166\/revisions"}],"predecessor-version":[{"id":994,"href":"https:\/\/festivalultrufelor.ro\/index.php\/wp-json\/wp\/v2\/pages\/166\/revisions\/994"}],"wp:attachment":[{"href":"https:\/\/festivalultrufelor.ro\/index.php\/wp-json\/wp\/v2\/media?parent=166"}],"curies":[{"name":"wp","href":"https:\/\/api.w.org\/{rel}","templated":true}]}}